{"id":4045,"date":"2015-02-04T00:13:20","date_gmt":"2015-02-03T16:13:20","guid":{"rendered":"http:\/\/www.rd-themes.com\/TheFox\/?page_id=4045"},"modified":"2024-08-21T18:19:36","modified_gmt":"2024-08-21T21:19:36","slug":"orcamento","status":"publish","type":"page","link":"http:\/\/www.bebber.com.br\/?page_id=4045","title":{"rendered":"Fale Conosco"},"content":{"rendered":"<p>[vc_row type=&#8221;full-width-section&#8221; font_color=&#8221;#ffffff&#8221; parallax_background=&#8221;&#8221; css=&#8221;.vc_custom_1622588595694{margin-bottom: 0px !important;padding-top: 5px !important;padding-bottom: 0px !important;background-color: #efefef !important;}&#8221;][vc_column width=&#8221;1\/2&#8243; css=&#8221;.vc_custom_1422982394916{padding-bottom: 50px !important;}&#8221;][vc_custom_heading text=&#8221;CONTE-NOS SOBRE SUAS NECESSIDADES?&#8221; font_container=&#8221;tag:h2|font_size:24|text_align:left|color:%23dd9933&#8243; google_fonts=&#8221;font_family:Lato%3A100%2C100italic%2C300%2C300italic%2Cregular%2Citalic%2C700%2C700italic%2C900%2C900italic|font_style:900%20bold%20regular%3A900%3Anormal&#8221; css=&#8221;.vc_custom_1622588417914{margin-bottom: 18px !important;}&#8221; el_class=&#8221;letterspacing-2&#8243;]<style type=\"text\/css\" >#rd_ubgjrt5afcj6sm6jhbkr .wpcf7,#rd_ubgjrt5afcj6sm6jhbkr input:not([type=submit]):not([type=checkbox]),#rd_ubgjrt5afcj6sm6jhbkr textarea,#rd_ubgjrt5afcj6sm6jhbkr .wpcf7 select,#rd_ubgjrt5afcj6sm6jhbkr .wpcf7 input[type=\"checkbox\"]:checked{color:#dd9933;}#rd_ubgjrt5afcj6sm6jhbkr .wpcf7 input[type=\"checkbox\"]{background:rgba(0,0,0,0); color:rgba(0,0,0,0);}#rd_ubgjrt5afcj6sm6jhbkr ::-webkit-input-placeholder{color:#000000;}#rd_ubgjrt5afcj6sm6jhbkr :-moz-placeholder{color:#000000;}#rd_ubgjrt5afcj6sm6jhbkr ::-moz-placeholder{color:#000000;}#rd_ubgjrt5afcj6sm6jhbkr :-ms-input-placeholder{color:#000000;}#rd_ubgjrt5afcj6sm6jhbkr .wpcf7 select{color:#000000;}#rd_ubgjrt5afcj6sm6jhbkr .wpcf7 input[type=submit]{font-size:15px; font-weight:900; border-radius:2px; padding:11px 15px; letter-spacing: 0.5px; margin-top:3px;}#rd_ubgjrt5afcj6sm6jhbkr .wpcf7 input[type=submit]:hover {background:#dd8a0d; color:#ffffff !important;}#rd_ubgjrt5afcj6sm6jhbkr .wpcf7 textarea{height:164px;}#rd_ubgjrt5afcj6sm6jhbkr .wpcf7 input:not([type=submit]):not([type=checkbox]),#rd_ubgjrt5afcj6sm6jhbkr textarea,#rd_ubgjrt5afcj6sm6jhbkr .wpcf7 select{border-radius:2px;}#rd_ubgjrt5afcj6sm6jhbkr .wpcf7 input:not([type=submit]),#rd_ubgjrt5afcj6sm6jhbkr textarea,#rd_ubgjrt5afcj6sm6jhbkr .wpcf7 input[type=submit],#rd_ubgjrt5afcj6sm6jhbkr .wpcf7 select{margin-top:3px;}#rd_ubgjrt5afcj6sm6jhbkr p{margin-bottom:7px;}#rd_ubgjrt5afcj6sm6jhbkr .wpcf7 input:not([type=submit]):not([type=checkbox]),#rd_ubgjrt5afcj6sm6jhbkr .wpcf7  textarea,#rd_ubgjrt5afcj6sm6jhbkr .wpcf7 select{border:1px solid #dd9933; background:rgba(0,0,0,0.01);}#rd_ubgjrt5afcj6sm6jhbkr .wpcf7 input[type=submit]{background:rgba(0,0,0,0.01); color:#dd8a0d !important;}<\/style><div id=\"rd_ubgjrt5afcj6sm6jhbkr\" class=\"\"><div role=\"form\" class=\"wpcf7\" id=\"wpcf7-f7549-o1\" lang=\"pt-BR\" dir=\"ltr\">\n<div class=\"screen-reader-response\"><p role=\"status\" aria-live=\"polite\" aria-atomic=\"true\"><\/p> <ul><\/ul><\/div>\n<form action=\"\/index.php?rest_route=%2Fwp%2Fv2%2Fpages%2F4045#wpcf7-f7549-o1\" method=\"post\" class=\"wpcf7-form init\" novalidate=\"novalidate\" data-status=\"init\">\n<div style=\"display: none;\">\n<input type=\"hidden\" name=\"_wpcf7\" value=\"7549\" \/>\n<input type=\"hidden\" name=\"_wpcf7_version\" value=\"5.5.3\" \/>\n<input type=\"hidden\" name=\"_wpcf7_locale\" value=\"pt_BR\" \/>\n<input type=\"hidden\" name=\"_wpcf7_unit_tag\" value=\"wpcf7-f7549-o1\" \/>\n<input type=\"hidden\" name=\"_wpcf7_container_post\" value=\"0\" \/>\n<input type=\"hidden\" name=\"_wpcf7_posted_data_hash\" value=\"\" \/>\n<\/div>\n<p><label> Selecione nossa Filial (obrigat\u00f3rio)<br \/>\n<span class=\"wpcf7-form-control-wrap filial\"><select name=\"filial\" class=\"wpcf7-form-control wpcf7-select wpcf7-validates-as-required\" aria-required=\"true\" aria-invalid=\"false\"><option value=\"\">---<\/option><option value=\"Sapucaia do Sul - RS - (51) 98446-9790 - Vinicius\">Sapucaia do Sul - RS - (51) 98446-9790 - Vinicius<\/option><option value=\"Joinville - SC - (47) 3439-0364 - Charles\">Joinville - SC - (47) 3439-0364 - Charles<\/option><option value=\"Rio de Janeiro - RJ - (21) 99905-9293 - Wesley\">Rio de Janeiro - RJ - (21) 99905-9293 - Wesley<\/option><\/select><\/span><\/label><br \/>\n<label> Motivo do Contato (Obrigat\u00f3rio)<br \/>\n<span class=\"wpcf7-form-control-wrap Assunto\"><select name=\"Assunto\" class=\"wpcf7-form-control wpcf7-select wpcf7-validates-as-required\" aria-required=\"true\" aria-invalid=\"false\"><option value=\"\"><\/option><option value=\"Or\u00e7amento\">Or\u00e7amento<\/option><option value=\"Informa\u00e7\u00f5es\">Informa\u00e7\u00f5es<\/option><option value=\"Reclama\u00e7\u00f5es\">Reclama\u00e7\u00f5es<\/option><option value=\"Outros Assuntos\">Outros Assuntos<\/option><\/select><\/span><\/label><\/p>\n<p><label> Seu nome (obrigat\u00f3rio)<br \/>\n    <span class=\"wpcf7-form-control-wrap your-name\"><input type=\"text\" name=\"your-name\" value=\"\" size=\"40\" class=\"wpcf7-form-control wpcf7-text wpcf7-validates-as-required\" aria-required=\"true\" aria-invalid=\"false\" \/><\/span> <\/label><\/p>\n<p><label> Seu e-mail (obrigat\u00f3rio)<br \/>\n    <span class=\"wpcf7-form-control-wrap your-email\"><input type=\"email\" name=\"your-email\" value=\"\" size=\"40\" class=\"wpcf7-form-control wpcf7-text wpcf7-email wpcf7-validates-as-required wpcf7-validates-as-email\" aria-required=\"true\" aria-invalid=\"false\" \/><\/span> <\/label><\/p>\n<p><label> Seu Estado (obrigat\u00f3rio)<br \/>\n    <span class=\"wpcf7-form-control-wrap estado\"><input type=\"text\" name=\"estado\" value=\"\" size=\"40\" class=\"wpcf7-form-control wpcf7-text wpcf7-validates-as-required\" aria-required=\"true\" aria-invalid=\"false\" \/><\/span> <\/label><\/p>\n<p><label> Sua Cidade (obrigat\u00f3rio)<br \/>\n    <span class=\"wpcf7-form-control-wrap Cidade\"><input type=\"text\" name=\"Cidade\" value=\"\" size=\"40\" class=\"wpcf7-form-control wpcf7-text wpcf7-validates-as-required\" aria-required=\"true\" aria-invalid=\"false\" \/><\/span> <\/label><\/p>\n<p><label> Seu Telefone (obrigat\u00f3rio)<br \/>\n    <span class=\"wpcf7-form-control-wrap Telefone\"><input type=\"tel\" name=\"Telefone\" value=\"\" size=\"40\" class=\"wpcf7-form-control wpcf7-text wpcf7-tel wpcf7-validates-as-required wpcf7-validates-as-tel\" aria-required=\"true\" aria-invalid=\"false\" \/><\/span> <\/label><\/p>\n<p><label> Mercadoria a ser Transportada<br \/>\n    <span class=\"wpcf7-form-control-wrap your-subject\"><input type=\"text\" name=\"your-subject\" value=\"\" size=\"40\" class=\"wpcf7-form-control wpcf7-text\" aria-invalid=\"false\" \/><\/span> <\/label><\/p>\n<p><label> Sua mensagem<br \/>\n    <span class=\"wpcf7-form-control-wrap your-message\"><textarea name=\"your-message\" cols=\"40\" rows=\"10\" class=\"wpcf7-form-control wpcf7-textarea\" aria-invalid=\"false\"><\/textarea><\/span> <\/label><\/p>\n<p><input type=\"submit\" value=\"Enviar\" class=\"wpcf7-form-control has-spinner wpcf7-submit\" \/><\/p>\n<div class=\"wpcf7-response-output\" aria-hidden=\"true\"><\/div><\/form><\/div><\/div>[\/vc_column][vc_column width=&#8221;1\/2&#8243; css=&#8221;.vc_custom_1422982389636{padding-bottom: 50px !important;}&#8221;][vc_custom_heading text=&#8221;INFORMA\u00c7\u00d5ES SOBRE OR\u00c7AMENTOS&#8221; font_container=&#8221;tag:h2|font_size:24|text_align:left|color:%23dd9933&#8243; google_fonts=&#8221;font_family:Lato%3A100%2C100italic%2C300%2C300italic%2Cregular%2Citalic%2C700%2C700italic%2C900%2C900italic|font_style:900%20bold%20regular%3A900%3Anormal&#8221; css=&#8221;.vc_custom_1622589238405{margin-bottom: 18px !important;}&#8221; el_class=&#8221;letterspacing-2&#8243;][vc_column_text]<span style=\"color: #eda20c;\">Preencha o formul\u00e1rio com seus dados e envie, logo entraremos em contato. Se preferir ligue para uma de nossas unidades.<\/span>[\/vc_column_text]\n<!-- lists --><div class=\"rd_list_1_alt rd_list_left\"><style type='text\/css'> @font-face{font-family: 'fa'; src:url('http:\/\/www.bebber.com.br\/wp-content\/themes\/thefox\/includes\/4k-icons\/icons\/4k-icons-pack02\/icons\/fonts\/fa.eot'); src:url('http:\/\/www.bebber.com.br\/wp-content\/themes\/thefox\/includes\/4k-icons\/icons\/4k-icons-pack02\/icons\/fonts\/fa.eot?#iefix') format('embedded-opentype'), url('http:\/\/www.bebber.com.br\/wp-content\/themes\/thefox\/includes\/4k-icons\/icons\/4k-icons-pack02\/icons\/fonts\/fa.woff') format('woff'), url('http:\/\/www.bebber.com.br\/wp-content\/themes\/thefox\/includes\/4k-icons\/icons\/4k-icons-pack02\/icons\/fonts\/fa.ttf') format('truetype'), url('http:\/\/www.bebber.com.br\/wp-content\/themes\/thefox\/includes\/4k-icons\/icons\/4k-icons-pack02\/icons\/fonts\/fa.svg#oi') format('svg'); font-weight: normal; font-style: normal;}#rand_z9usd6fti58jde9dv03n .fa-home:before{font-family: 'fa'; font-weight: normal; font-style: normal;}#rand_z9usd6fti58jde9dv03n .fa-home:before{content: \"\\f015\";}<\/style>\n<style type=\"text\/css\" >.rd_list_1 .list_item_ctn { border-color:#ecf0f1}.rd_list_1 #rand_z9usd6fti58jde9dv03n .list_icn i,.rd_list_1_alt #rand_z9usd6fti58jde9dv03n .list_icn i{color:#dd9933;}.rd_list_2 #rand_z9usd6fti58jde9dv03n:after{background:#dd9933;}.rd_list_2 #rand_z9usd6fti58jde9dv03n .list_icn i{color:#dd9933;}.rd_list_3 #rand_z9usd6fti58jde9dv03n .list_icn,.rd_list_5 #rand_z9usd6fti58jde9dv03n .list_icn,.rd_list_6 #rand_z9usd6fti58jde9dv03n .list_icn{background:#dd9933;}.rd_list_4 #rand_z9usd6fti58jde9dv03n{background:#dd9933;}#rand_z9usd6fti58jde9dv03n h3{color:#dd9933;}#rand_z9usd6fti58jde9dv03n p{color:#dd9933;}.rd_list_7 #rand_z9usd6fti58jde9dv03n .list_icn{color:#dd9933;}<\/style><div class=\"list_item_ctn\" id=\"rand_z9usd6fti58jde9dv03n\"><div class=\"list_icn\"><i class=\"fa-home\"><\/i><\/div><div class=\"list_desc\"><h3>Matriz Marau - RS<\/h3><p>Av. J\u00falio Borella, 1544<br \/>\nCEP: 99150-000<br \/>\nFone: (54) 3342-1422<br \/>\nE-mail: faleconoscoma@bebber.com.br<\/p><\/div><\/div><style type='text\/css'> @font-face{font-family: 'fa'; src:url('http:\/\/www.bebber.com.br\/wp-content\/themes\/thefox\/includes\/4k-icons\/icons\/4k-icons-pack02\/icons\/fonts\/fa.eot'); src:url('http:\/\/www.bebber.com.br\/wp-content\/themes\/thefox\/includes\/4k-icons\/icons\/4k-icons-pack02\/icons\/fonts\/fa.eot?#iefix') format('embedded-opentype'), url('http:\/\/www.bebber.com.br\/wp-content\/themes\/thefox\/includes\/4k-icons\/icons\/4k-icons-pack02\/icons\/fonts\/fa.woff') format('woff'), url('http:\/\/www.bebber.com.br\/wp-content\/themes\/thefox\/includes\/4k-icons\/icons\/4k-icons-pack02\/icons\/fonts\/fa.ttf') format('truetype'), url('http:\/\/www.bebber.com.br\/wp-content\/themes\/thefox\/includes\/4k-icons\/icons\/4k-icons-pack02\/icons\/fonts\/fa.svg#oi') format('svg'); font-weight: normal; font-style: normal;}#rand_lmaxcbity4zffq7g56cr .fa-home:before{font-family: 'fa'; font-weight: normal; font-style: normal;}#rand_lmaxcbity4zffq7g56cr .fa-home:before{content: \"\\f015\";}<\/style>\n<style type=\"text\/css\" >.rd_list_1 .list_item_ctn { border-color:#ecf0f1}.rd_list_1 #rand_lmaxcbity4zffq7g56cr .list_icn i,.rd_list_1_alt #rand_lmaxcbity4zffq7g56cr .list_icn i{color:#dd9933;}.rd_list_2 #rand_lmaxcbity4zffq7g56cr:after{background:#dd9933;}.rd_list_2 #rand_lmaxcbity4zffq7g56cr .list_icn i{color:#dd9933;}.rd_list_3 #rand_lmaxcbity4zffq7g56cr .list_icn,.rd_list_5 #rand_lmaxcbity4zffq7g56cr .list_icn,.rd_list_6 #rand_lmaxcbity4zffq7g56cr .list_icn{background:#dd9933;}.rd_list_4 #rand_lmaxcbity4zffq7g56cr{background:#dd9933;}#rand_lmaxcbity4zffq7g56cr h3{color:#dd9933;}#rand_lmaxcbity4zffq7g56cr p{color:#dd9933;}.rd_list_7 #rand_lmaxcbity4zffq7g56cr .list_icn{color:#dd9933;}<\/style><div class=\"list_item_ctn\" id=\"rand_lmaxcbity4zffq7g56cr\"><div class=\"list_icn\"><i class=\"fa-home\"><\/i><\/div><div class=\"list_desc\"><h3>Filial Sapucaia do Sul - RS<\/h3><p>Av Borges de Medeiros, 36. Bairro: Tr\u00eas Portos<br \/>\nCep.: 93212-110<br \/>\nFone: (51) 98446-9790<br \/>\nE-mail: faleconoscosa@bebber.com.br<\/p><\/div><\/div><style type='text\/css'> @font-face{font-family: 'fa'; src:url('http:\/\/www.bebber.com.br\/wp-content\/themes\/thefox\/includes\/4k-icons\/icons\/4k-icons-pack02\/icons\/fonts\/fa.eot'); src:url('http:\/\/www.bebber.com.br\/wp-content\/themes\/thefox\/includes\/4k-icons\/icons\/4k-icons-pack02\/icons\/fonts\/fa.eot?#iefix') format('embedded-opentype'), url('http:\/\/www.bebber.com.br\/wp-content\/themes\/thefox\/includes\/4k-icons\/icons\/4k-icons-pack02\/icons\/fonts\/fa.woff') format('woff'), url('http:\/\/www.bebber.com.br\/wp-content\/themes\/thefox\/includes\/4k-icons\/icons\/4k-icons-pack02\/icons\/fonts\/fa.ttf') format('truetype'), url('http:\/\/www.bebber.com.br\/wp-content\/themes\/thefox\/includes\/4k-icons\/icons\/4k-icons-pack02\/icons\/fonts\/fa.svg#oi') format('svg'); font-weight: normal; font-style: normal;}#rand_qeaw70qprkdnjqaaqpqo .fa-home:before{font-family: 'fa'; font-weight: normal; font-style: normal;}#rand_qeaw70qprkdnjqaaqpqo .fa-home:before{content: \"\\f015\";}<\/style>\n<style type=\"text\/css\" >.rd_list_1 .list_item_ctn { border-color:#ecf0f1}.rd_list_1 #rand_qeaw70qprkdnjqaaqpqo .list_icn i,.rd_list_1_alt #rand_qeaw70qprkdnjqaaqpqo .list_icn i{color:#dd9933;}.rd_list_2 #rand_qeaw70qprkdnjqaaqpqo:after{background:#dd9933;}.rd_list_2 #rand_qeaw70qprkdnjqaaqpqo .list_icn i{color:#dd9933;}.rd_list_3 #rand_qeaw70qprkdnjqaaqpqo .list_icn,.rd_list_5 #rand_qeaw70qprkdnjqaaqpqo .list_icn,.rd_list_6 #rand_qeaw70qprkdnjqaaqpqo .list_icn{background:#dd9933;}.rd_list_4 #rand_qeaw70qprkdnjqaaqpqo{background:#dd9933;}#rand_qeaw70qprkdnjqaaqpqo h3{color:#dd9933;}#rand_qeaw70qprkdnjqaaqpqo p{color:#dd9933;}.rd_list_7 #rand_qeaw70qprkdnjqaaqpqo .list_icn{color:#dd9933;}<\/style><div class=\"list_item_ctn\" id=\"rand_qeaw70qprkdnjqaaqpqo\"><div class=\"list_icn\"><i class=\"fa-home\"><\/i><\/div><div class=\"list_desc\"><h3>Filial Rio de Janeiro - RJ<\/h3><p>Rua da Farinha, 493 &#8211; Penha<br \/>\nCEP: 21011-040<br \/>\nFone: (21) 99905-9293<br \/>\n(21) 2584-8602<br \/>\nEmail: faleconoscorj@bebber.com.br<\/p><\/div><\/div><style type='text\/css'> @font-face{font-family: 'fa'; src:url('http:\/\/www.bebber.com.br\/wp-content\/themes\/thefox\/includes\/4k-icons\/icons\/4k-icons-pack02\/icons\/fonts\/fa.eot'); src:url('http:\/\/www.bebber.com.br\/wp-content\/themes\/thefox\/includes\/4k-icons\/icons\/4k-icons-pack02\/icons\/fonts\/fa.eot?#iefix') format('embedded-opentype'), url('http:\/\/www.bebber.com.br\/wp-content\/themes\/thefox\/includes\/4k-icons\/icons\/4k-icons-pack02\/icons\/fonts\/fa.woff') format('woff'), url('http:\/\/www.bebber.com.br\/wp-content\/themes\/thefox\/includes\/4k-icons\/icons\/4k-icons-pack02\/icons\/fonts\/fa.ttf') format('truetype'), url('http:\/\/www.bebber.com.br\/wp-content\/themes\/thefox\/includes\/4k-icons\/icons\/4k-icons-pack02\/icons\/fonts\/fa.svg#oi') format('svg'); font-weight: normal; font-style: normal;}#rand_5ref393tpbnoscubgrjx .fa-home:before{font-family: 'fa'; font-weight: normal; font-style: normal;}#rand_5ref393tpbnoscubgrjx .fa-home:before{content: \"\\f015\";}<\/style>\n<style type=\"text\/css\" >.rd_list_1 .list_item_ctn { border-color:#ecf0f1}.rd_list_1 #rand_5ref393tpbnoscubgrjx .list_icn i,.rd_list_1_alt #rand_5ref393tpbnoscubgrjx .list_icn i{color:#dd9933;}.rd_list_2 #rand_5ref393tpbnoscubgrjx:after{background:#dd9933;}.rd_list_2 #rand_5ref393tpbnoscubgrjx .list_icn i{color:#dd9933;}.rd_list_3 #rand_5ref393tpbnoscubgrjx .list_icn,.rd_list_5 #rand_5ref393tpbnoscubgrjx .list_icn,.rd_list_6 #rand_5ref393tpbnoscubgrjx .list_icn{background:#dd9933;}.rd_list_4 #rand_5ref393tpbnoscubgrjx{background:#dd9933;}#rand_5ref393tpbnoscubgrjx h3{color:#dd9933;}#rand_5ref393tpbnoscubgrjx p{color:#dd9933;}.rd_list_7 #rand_5ref393tpbnoscubgrjx .list_icn{color:#dd9933;}<\/style><div class=\"list_item_ctn\" id=\"rand_5ref393tpbnoscubgrjx\"><div class=\"list_icn\"><i class=\"fa-home\"><\/i><\/div><div class=\"list_desc\"><h3>Filial Joinville - SC<\/h3><p>Rua Carlos Stamm, 95. Bairro: Vila Nova<br \/>\nCEP: 89237-010<br \/>\nFone: (47) 3439-0111<br \/>\n(47) 3439-0364 (WhatsApp)<br \/>\nE-mail: faleconoscojo@bebber.com.br<\/p><\/div><\/div><style type='text\/css'> @font-face{font-family: 'fa'; src:url('http:\/\/www.bebber.com.br\/wp-content\/themes\/thefox\/includes\/4k-icons\/icons\/4k-icons-pack02\/icons\/fonts\/fa.eot'); src:url('http:\/\/www.bebber.com.br\/wp-content\/themes\/thefox\/includes\/4k-icons\/icons\/4k-icons-pack02\/icons\/fonts\/fa.eot?#iefix') format('embedded-opentype'), url('http:\/\/www.bebber.com.br\/wp-content\/themes\/thefox\/includes\/4k-icons\/icons\/4k-icons-pack02\/icons\/fonts\/fa.woff') format('woff'), url('http:\/\/www.bebber.com.br\/wp-content\/themes\/thefox\/includes\/4k-icons\/icons\/4k-icons-pack02\/icons\/fonts\/fa.ttf') format('truetype'), url('http:\/\/www.bebber.com.br\/wp-content\/themes\/thefox\/includes\/4k-icons\/icons\/4k-icons-pack02\/icons\/fonts\/fa.svg#oi') format('svg'); font-weight: normal; font-style: normal;}#rand_qfm8cgy3yvmu54he2j6t .fa-home:before{font-family: 'fa'; font-weight: normal; font-style: normal;}#rand_qfm8cgy3yvmu54he2j6t .fa-home:before{content: \"\\f015\";}<\/style>\n<style type=\"text\/css\" >.rd_list_1 .list_item_ctn { border-color:#ecf0f1}.rd_list_1 #rand_qfm8cgy3yvmu54he2j6t .list_icn i,.rd_list_1_alt #rand_qfm8cgy3yvmu54he2j6t .list_icn i{color:#dd9933;}.rd_list_2 #rand_qfm8cgy3yvmu54he2j6t:after{background:#dd9933;}.rd_list_2 #rand_qfm8cgy3yvmu54he2j6t .list_icn i{color:#dd9933;}.rd_list_3 #rand_qfm8cgy3yvmu54he2j6t .list_icn,.rd_list_5 #rand_qfm8cgy3yvmu54he2j6t .list_icn,.rd_list_6 #rand_qfm8cgy3yvmu54he2j6t .list_icn{background:#dd9933;}.rd_list_4 #rand_qfm8cgy3yvmu54he2j6t{background:#dd9933;}#rand_qfm8cgy3yvmu54he2j6t h3{color:#dd9933;}#rand_qfm8cgy3yvmu54he2j6t p{color:#dd9933;}.rd_list_7 #rand_qfm8cgy3yvmu54he2j6t .list_icn{color:#dd9933;}<\/style><div class=\"list_item_ctn\" id=\"rand_qfm8cgy3yvmu54he2j6t\"><div class=\"list_icn\"><i class=\"fa-home\"><\/i><\/div><div class=\"list_desc\"><h3>Filial Santa Cruz - RJ<\/h3><p>Avenida Jo\u00e3o XXIII, 6.777 &#8211; Santa Cruz &#8211; RJ<br \/>\nCEP: 23565-230<br \/>\nFone: (21) 2418-1251<br \/>\n(21) 97048-0791<br \/>\n(21) 97184-9933 (WhatsApp)<br \/>\nEmail: faleconoscorj@bebber.com.br<\/p><\/div><\/div><\/div>\r\n\r\n<!-- lists END-->\n[\/vc_column][\/vc_row]<\/p>\n","protected":false},"excerpt":{"rendered":"<p>[vc_row type=&#8221;full-width-section&#8221; font_color=&#8221;#ffffff&#8221; parallax_background=&#8221;&#8221; css=&#8221;.vc_custom_1622588595694{margin-bottom: 0px !important;padding-top: 5px !important;padding-bottom: 0px !important;background-color: #efefef !important;}&#8221;][vc_column width=&#8221;1\/2&#8243; css=&#8221;.vc_custom_1422982394916{padding-bottom: 50px !important;}&#8221;][vc_custom_heading text=&#8221;CONTE-NOS SOBRE SUAS NECESSIDADES?&#8221; font_container=&#8221;tag:h2|font_size:24|text_align:left|color:%23dd9933&#8243; google_fonts=&#8221;font_family:Lato%3A100%2C100italic%2C300%2C300italic%2Cregular%2Citalic%2C700%2C700italic%2C900%2C900italic|font_style:900%20bold%20regular%3A900%3Anormal&#8221; css=&#8221;.vc_custom_1622588417914{margin-bottom: 18px !important;}&#8221; el_class=&#8221;letterspacing-2&#8243;] Selecione nossa Filial (obrigat\u00f3rio) &#8212;Sapucaia do Sul &#8211; RS &#8211; (51) 98446-9790 &#8211; ViniciusJoinville &#8211; SC &#8211; (47) 3439-0364 &#8211; CharlesRio de Janeiro &#8211; RJ &#8211; (21) 99905-9293<br \/><a href=\"http:\/\/www.bebber.com.br\/?page_id=4045\" class=\"more\">Read more<\/a><\/p>\n","protected":false},"author":1,"featured_media":0,"parent":0,"menu_order":0,"comment_status":"closed","ping_status":"open","template":"","meta":[],"_links":{"self":[{"href":"http:\/\/www.bebber.com.br\/index.php?rest_route=\/wp\/v2\/pages\/4045"}],"collection":[{"href":"http:\/\/www.bebber.com.br\/index.php?rest_route=\/wp\/v2\/pages"}],"about":[{"href":"http:\/\/www.bebber.com.br\/index.php?rest_route=\/wp\/v2\/types\/page"}],"author":[{"embeddable":true,"href":"http:\/\/www.bebber.com.br\/index.php?rest_route=\/wp\/v2\/users\/1"}],"replies":[{"embeddable":true,"href":"http:\/\/www.bebber.com.br\/index.php?rest_route=%2Fwp%2Fv2%2Fcomments&post=4045"}],"version-history":[{"count":34,"href":"http:\/\/www.bebber.com.br\/index.php?rest_route=\/wp\/v2\/pages\/4045\/revisions"}],"predecessor-version":[{"id":8004,"href":"http:\/\/www.bebber.com.br\/index.php?rest_route=\/wp\/v2\/pages\/4045\/revisions\/8004"}],"wp:attachment":[{"href":"http:\/\/www.bebber.com.br\/index.php?rest_route=%2Fwp%2Fv2%2Fmedia&parent=4045"}],"curies":[{"name":"wp","href":"https:\/\/api.w.org\/{rel}","templated":true}]}}